{"id":225,"date":"2025-01-17T09:06:04","date_gmt":"2025-01-17T09:06:04","guid":{"rendered":"https:\/\/develup.valentinacorro.com\/?page_id=225"},"modified":"2025-02-14T22:37:36","modified_gmt":"2025-02-14T22:37:36","slug":"bodas-destino","status":"publish","type":"page","link":"https:\/\/valentinacorro.com\/us\/bodas-destino\/","title":{"rendered":"Destination Weddings"},"content":{"rendered":"<div id=\"fws_69e4564a9600d\"  data-column-margin=\"none\" data-midnight=\"light\" data-top-percent=\"14%\" data-bottom-percent=\"14%\"  class=\"wpb_row vc_row-fluid vc_row full-width-section  top_padding_tablet_30pct top_padding_phone_40pct bottom_padding_tablet_30pct bottom_padding_phone_40pct\"  style=\"padding-top: calc(100vw * 0.14); padding-bottom: calc(100vw * 0.14); \"><div class=\"row-bg-wrap\" data-bg-animation=\"zoom-out\" data-bg-animation-delay=\"\" data-bg-overlay=\"true\"><div class=\"inner-wrap row-bg-layer\" ><div class=\"row-bg viewport-desktop using-bg-color\"  style=\"background-color: #f2f2f2; \"><\/div><\/div><div class=\"row-bg-overlay row-bg-layer\" style=\"background-color:#c4b39d;  opacity: 0.3; \"><\/div><\/div>\n\t\t\t<div class=\"video-color-overlay row-bg-layer\" data-color=\"\"><\/div>\n\t\t\t\n\t\t\t<div class=\"nectar-video-wrap row-bg-layer\" data-bg-alignment=\"\">\n\t\t\t\t<div class=\"nectar-video-inner\">\n\t\t\t\t<video class=\"nectar-video-bg\" width=\"1800\" height=\"700\" preload=\"auto\" loop autoplay muted playsinline><source src=\"https:\/\/valentinacorro.com\/wp-content\/uploads\/2025\/01\/bodas-destino-.mov\"  type=\"video\/mp4\"><\/video>    \t\t<\/div>\n\t\t\t <\/div>\n\n\t\t\t<div class=\"row_col_wrap_12 col span_12 light center\">\n\t<div  class=\"vc_col-sm-12 wpb_column column_container vc_column_container col no-extra-padding force-phone-text-align-center el_spacing_0px inherit_tablet inherit_phone\"  data-padding-pos=\"all\" data-has-bg-color=\"false\" data-bg-color=\"\" data-bg-opacity=\"1\" data-animation=\"\" data-delay=\"0\" >\n\t\t<div class=\"vc_column-inner\" >\n\t\t\t<div class=\"wpb_wrapper\">\n\t\t\t\t<div class=\"nectar-responsive-text font_size_desktop_60px font_size_phone_50px nectar-link-underline-effect\" style=\"color: #ffffff;\"><h2>Destination<\/h2>\n<\/div><div class=\"nectar-responsive-text font_size_desktop_100px font_size_phone_60px font_line_height_1-2 nectar-link-underline-effect\" data-inherit-heading-family=\"h1\"><h1>WEDDINGS<\/h1>\n<\/div><div class=\"divider-wrap height_phone_20px\" data-alignment=\"default\"><div style=\"height: 10px;\" class=\"divider\"><\/div><\/div><div class=\"nectar-responsive-text font_size_desktop_20px font_size_phone_15px font_line_height_1-4 nectar-link-underline-effect\"><p>Our destination weddings are specially designed for couples dreaming of celebrating their love in the most iconic locations in Mexico and around the world. Valentina takes care of every detail, offering a comprehensive service that includes everything from hospitality to event design and production. With three types of weddings to choose from \u2013 Gold, Diamond, Luxury, and Petite \u2013 we handle everything: transportation, accommodation, decoration, catering, lighting, photography, videography, and more, with unique personalized touches. Celebrate your special day surrounded by family and friends at a wedding that will be remembered forever.<\/p>\n<\/div>\n\t\t\t<\/div> \n\t\t<\/div>\n\t<\/div> \n<\/div><\/div>\n\t\t<div id=\"fws_69e4564a96a64\"  data-column-margin=\"default\" data-midnight=\"dark\" data-top-percent=\"3%\" data-bottom-percent=\"3%\"  class=\"wpb_row vc_row-fluid vc_row full-width-section vc_row-o-equal-height vc_row-flex vc_row-o-content-middle  top_padding_phone_15pct bottom_padding_phone_15pct\"  style=\"padding-top: calc(100vw * 0.03); padding-bottom: calc(100vw * 0.03); \"><div class=\"row-bg-wrap\" data-bg-animation=\"none\" data-bg-animation-delay=\"\" data-bg-overlay=\"false\"><div class=\"inner-wrap row-bg-layer\" ><div class=\"row-bg viewport-desktop\"  style=\"\"><\/div><\/div><\/div><div class=\"row_col_wrap_12 col span_12 dark left\">\n\t<div  class=\"vc_col-sm-6 wpb_column column_container vc_column_container col no-extra-padding force-phone-text-align-center inherit_tablet inherit_phone\"  data-padding-pos=\"all\" data-has-bg-color=\"false\" data-bg-color=\"\" data-bg-opacity=\"1\" data-animation=\"\" data-delay=\"0\" >\n\t\t<div class=\"vc_column-inner\" >\n\t\t\t<div class=\"wpb_wrapper\">\n\t\t\t\t<div class=\"nectar-responsive-text div-1 font_size_desktop_60px font_size_phone_50px nectar-link-underline-effect\" style=\"color: #695a48;\"><h2>Level<\/h2>\n<\/div><div class=\"nectar-responsive-text div-2 font_size_desktop_60px font_size_phone_30px font_line_height_1px nectar-link-underline-effect\" style=\"color: #cc872a;\"><h1>GOLD<\/h1>\n<\/div><div class=\"nectar-responsive-text font_size_desktop_22px font_size_phone_20px nectar-link-underline-effect\" style=\"color: #000000;\"><h1>Elegant and high-quality weddings at an accessible cost.<\/h1>\n<\/div>\n<div class=\"wpb_text_column wpb_content_element\" >\n\t<div class=\"wpb_wrapper\">\n\t\t<p>Coordinated and managed by our Senior Chief Planners, these weddings are perfect for you. Enjoy outstanding catering and decoration, along with all the essential services for your special day that meet your expectations. With a focus on quality and style, these weddings offer the best without compromising your budget. Plus, you\u2019ll receive oversight and priority with a visit from Valentina Corro to ensure every detail is perfect.<br \/>\nMake your wedding an unforgettable event with us!<\/p>\n\t<\/div>\n<\/div>\n\n\n\n\n\t\t\t<\/div> \n\t\t<\/div>\n\t<\/div> \n\n\t<div  class=\"vc_col-sm-6 wpb_column column_container vc_column_container col padding-6-percent force-phone-text-align-center inherit_tablet inherit_phone\"  data-padding-pos=\"left\" data-has-bg-color=\"false\" data-bg-color=\"\" data-bg-opacity=\"1\" data-animation=\"\" data-delay=\"0\" >\n\t\t<div class=\"vc_column-inner\" >\n\t\t\t<div class=\"wpb_wrapper\">\n\t\t\t\t<div class=\"img-with-aniamtion-wrap\" data-max-width=\"100%\" data-max-width-mobile=\"default\" data-shadow=\"none\" data-animation=\"none\" >\n      <div class=\"inner\">\n        <div class=\"hover-wrap\"> \n          <div class=\"hover-wrap-inner\">\n            <img loading=\"lazy\" decoding=\"async\" class=\"img-with-animation skip-lazy\" data-delay=\"0\" height=\"675\" width=\"675\" data-animation=\"none\" src=\"https:\/\/valentinacorro.com\/wp-content\/uploads\/2025\/01\/a.png\" alt=\"\" srcset=\"https:\/\/valentinacorro.com\/wp-content\/uploads\/2025\/01\/a.png 675w, https:\/\/valentinacorro.com\/wp-content\/uploads\/2025\/01\/a-300x300.png 300w, https:\/\/valentinacorro.com\/wp-content\/uploads\/2025\/01\/a-150x150.png 150w, https:\/\/valentinacorro.com\/wp-content\/uploads\/2025\/01\/a-140x140.png 140w, https:\/\/valentinacorro.com\/wp-content\/uploads\/2025\/01\/a-100x100.png 100w, https:\/\/valentinacorro.com\/wp-content\/uploads\/2025\/01\/a-500x500.png 500w, https:\/\/valentinacorro.com\/wp-content\/uploads\/2025\/01\/a-350x350.png 350w\" sizes=\"auto, (max-width: 675px) 100vw, 675px\" \/>\n          <\/div>\n        <\/div>\n      <\/div>\n    <\/div>\n\t\t\t<\/div> \n\t\t<\/div>\n\t<\/div> \n<\/div><\/div>\n\t\t<div id=\"fws_69e4564a97602\"  data-column-margin=\"default\" data-midnight=\"dark\" data-top-percent=\"3%\" data-bottom-percent=\"3%\"  class=\"wpb_row vc_row-fluid vc_row full-width-section vc_row-o-equal-height vc_row-flex vc_row-o-content-middle  reverse_columns_column_phone top_padding_phone_15pct bottom_padding_phone_15pct\"  style=\"padding-top: calc(100vw * 0.03); padding-bottom: calc(100vw * 0.03); \"><div class=\"row-bg-wrap\" data-bg-animation=\"none\" data-bg-animation-delay=\"\" data-bg-overlay=\"false\"><div class=\"inner-wrap row-bg-layer\" ><div class=\"row-bg viewport-desktop\"  style=\"\"><\/div><\/div><\/div><div class=\"row_col_wrap_12 col span_12 dark left\">\n\t<div  class=\"vc_col-sm-6 wpb_column column_container vc_column_container col padding-3-percent inherit_tablet inherit_phone\"  data-padding-pos=\"all\" data-has-bg-color=\"false\" data-bg-color=\"\" data-bg-opacity=\"1\" data-animation=\"\" data-delay=\"0\" >\n\t\t<div class=\"vc_column-inner\" >\n\t\t\t<div class=\"wpb_wrapper\">\n\t\t\t\t<div class=\"img-with-aniamtion-wrap\" data-max-width=\"100%\" data-max-width-mobile=\"default\" data-shadow=\"none\" data-animation=\"none\" >\n      <div class=\"inner\">\n        <div class=\"hover-wrap\"> \n          <div class=\"hover-wrap-inner\">\n            <img loading=\"lazy\" decoding=\"async\" class=\"img-with-animation skip-lazy\" data-delay=\"0\" height=\"675\" width=\"675\" data-animation=\"none\" src=\"https:\/\/valentinacorro.com\/wp-content\/uploads\/2025\/01\/b.png\" alt=\"\" srcset=\"https:\/\/valentinacorro.com\/wp-content\/uploads\/2025\/01\/b.png 675w, https:\/\/valentinacorro.com\/wp-content\/uploads\/2025\/01\/b-300x300.png 300w, https:\/\/valentinacorro.com\/wp-content\/uploads\/2025\/01\/b-150x150.png 150w, https:\/\/valentinacorro.com\/wp-content\/uploads\/2025\/01\/b-140x140.png 140w, https:\/\/valentinacorro.com\/wp-content\/uploads\/2025\/01\/b-100x100.png 100w, https:\/\/valentinacorro.com\/wp-content\/uploads\/2025\/01\/b-500x500.png 500w, https:\/\/valentinacorro.com\/wp-content\/uploads\/2025\/01\/b-350x350.png 350w\" sizes=\"auto, (max-width: 675px) 100vw, 675px\" \/>\n          <\/div>\n        <\/div>\n      <\/div>\n    <\/div>\n\t\t\t<\/div> \n\t\t<\/div>\n\t<\/div> \n\n\t<div  class=\"vc_col-sm-6 wpb_column column_container vc_column_container col no-extra-padding force-phone-text-align-center inherit_tablet inherit_phone\"  data-padding-pos=\"left\" data-has-bg-color=\"false\" data-bg-color=\"\" data-bg-opacity=\"1\" data-animation=\"\" data-delay=\"0\" >\n\t\t<div class=\"vc_column-inner\" >\n\t\t\t<div class=\"wpb_wrapper\">\n\t\t\t\t<div class=\"nectar-responsive-text div-1 font_size_desktop_60px font_size_phone_50px nectar-link-underline-effect\" style=\"color: #695a48;\"><h2>Level<\/h2>\n<\/div><div class=\"nectar-responsive-text div-2 font_size_desktop_60px font_size_phone_30px font_line_height_1px nectar-link-underline-effect\" style=\"color: #cc872a;\"><h1>DIAMOND<\/h1>\n<\/div><div class=\"nectar-responsive-text font_size_desktop_22px font_size_phone_20px nectar-link-underline-effect\" style=\"color: #000000;\"><h1>Weddings filled with elegance and attention to detail.<\/h1>\n<\/div>\n<div class=\"wpb_text_column wpb_content_element\" >\n\t<div class=\"wpb_wrapper\">\n\t\t<p>Managed by Senior Planners or Senior Chief Planners and supervised by Valentina Corro, are the perfect choice for you. Enjoy a personalized experience with exceptional decor, top-notch entertainment, and stunning design at a recognized venue. With a focus on elegance and meticulous care for every detail, these weddings are designed to be unforgettable.<br \/>\nLet us make your dream a reality with a wedding that reflects your style and love!<\/p>\n\t<\/div>\n<\/div>\n\n\n\n\n\t\t\t<\/div> \n\t\t<\/div>\n\t<\/div> \n<\/div><\/div>\n\t\t<div id=\"fws_69e4564a97c9e\"  data-column-margin=\"default\" data-midnight=\"dark\" data-top-percent=\"3%\" data-bottom-percent=\"3%\"  class=\"wpb_row vc_row-fluid vc_row full-width-section vc_row-o-equal-height vc_row-flex vc_row-o-content-middle  top_padding_phone_15pct bottom_padding_phone_15pct\"  style=\"padding-top: calc(100vw * 0.03); padding-bottom: calc(100vw * 0.03); \"><div class=\"row-bg-wrap\" data-bg-animation=\"none\" data-bg-animation-delay=\"\" data-bg-overlay=\"false\"><div class=\"inner-wrap row-bg-layer\" ><div class=\"row-bg viewport-desktop\"  style=\"\"><\/div><\/div><\/div><div class=\"row_col_wrap_12 col span_12 dark left\">\n\t<div  class=\"vc_col-sm-6 wpb_column column_container vc_column_container col no-extra-padding force-phone-text-align-center inherit_tablet inherit_phone\"  data-padding-pos=\"all\" data-has-bg-color=\"false\" data-bg-color=\"\" data-bg-opacity=\"1\" data-animation=\"\" data-delay=\"0\" >\n\t\t<div class=\"vc_column-inner\" >\n\t\t\t<div class=\"wpb_wrapper\">\n\t\t\t\t<div class=\"nectar-responsive-text div-1 font_size_desktop_60px font_size_phone_50px nectar-link-underline-effect\" style=\"color: #695a48;\"><h2>Level<\/h2>\n<\/div><div class=\"nectar-responsive-text div-2 font_size_desktop_60px font_size_phone_30px font_line_height_1px nectar-link-underline-effect\" style=\"color: #cc872a;\"><h1>LUXURY<\/h1>\n<\/div><div class=\"nectar-responsive-text font_size_desktop_22px font_size_phone_20px nectar-link-underline-effect\" style=\"color: #000000;\"><h1>Weddings that are the epitome of luxury and exclusivity.<\/h1>\n<\/div>\n<div class=\"wpb_text_column wpb_content_element\" >\n\t<div class=\"wpb_wrapper\">\n\t\t<p>Personally supervised by Valentina Corro and her team of Senior Chief Planners, they are perfect for you. Enjoy unique and personalized decor, authenticity, and recognition with all the vendors we work with, including gourmet catering, luxury entertainment, high-end transportation, and custom design to ensure every detail of your wedding is perfect. These weddings, considered the most splendid, are designed for those who seek the best in every aspect.<\/p>\n<p>Make your wedding a truly extraordinary event with us!<\/p>\n\t<\/div>\n<\/div>\n\n\n\n\n\t\t\t<\/div> \n\t\t<\/div>\n\t<\/div> \n\n\t<div  class=\"vc_col-sm-6 wpb_column column_container vc_column_container col padding-6-percent force-phone-text-align-center inherit_tablet inherit_phone\"  data-padding-pos=\"left\" data-has-bg-color=\"false\" data-bg-color=\"\" data-bg-opacity=\"1\" data-animation=\"\" data-delay=\"0\" >\n\t\t<div class=\"vc_column-inner\" >\n\t\t\t<div class=\"wpb_wrapper\">\n\t\t\t\t<div class=\"img-with-aniamtion-wrap\" data-max-width=\"100%\" data-max-width-mobile=\"default\" data-shadow=\"none\" data-animation=\"none\" >\n      <div class=\"inner\">\n        <div class=\"hover-wrap\"> \n          <div class=\"hover-wrap-inner\">\n            <img loading=\"lazy\" decoding=\"async\" class=\"img-with-animation skip-lazy\" data-delay=\"0\" height=\"675\" width=\"675\" data-animation=\"none\" src=\"https:\/\/valentinacorro.com\/wp-content\/uploads\/2025\/01\/c.png\" alt=\"\" srcset=\"https:\/\/valentinacorro.com\/wp-content\/uploads\/2025\/01\/c.png 675w, https:\/\/valentinacorro.com\/wp-content\/uploads\/2025\/01\/c-300x300.png 300w, https:\/\/valentinacorro.com\/wp-content\/uploads\/2025\/01\/c-150x150.png 150w, https:\/\/valentinacorro.com\/wp-content\/uploads\/2025\/01\/c-140x140.png 140w, https:\/\/valentinacorro.com\/wp-content\/uploads\/2025\/01\/c-100x100.png 100w, https:\/\/valentinacorro.com\/wp-content\/uploads\/2025\/01\/c-500x500.png 500w, https:\/\/valentinacorro.com\/wp-content\/uploads\/2025\/01\/c-350x350.png 350w\" sizes=\"auto, (max-width: 675px) 100vw, 675px\" \/>\n          <\/div>\n        <\/div>\n      <\/div>\n    <\/div>\n\t\t\t<\/div> \n\t\t<\/div>\n\t<\/div> \n<\/div><\/div>\n\t\t<div id=\"fws_69e4564a983af\"  data-column-margin=\"default\" data-midnight=\"dark\" data-top-percent=\"3%\" data-bottom-percent=\"3%\"  class=\"wpb_row vc_row-fluid vc_row full-width-section vc_row-o-equal-height vc_row-flex vc_row-o-content-middle  reverse_columns_column_phone top_padding_phone_15pct bottom_padding_phone_15pct\"  style=\"padding-top: calc(100vw * 0.03); padding-bottom: calc(100vw * 0.03); \"><div class=\"row-bg-wrap\" data-bg-animation=\"none\" data-bg-animation-delay=\"\" data-bg-overlay=\"false\"><div class=\"inner-wrap row-bg-layer\" ><div class=\"row-bg viewport-desktop\"  style=\"\"><\/div><\/div><\/div><div class=\"row_col_wrap_12 col span_12 dark left\">\n\t<div  class=\"vc_col-sm-6 wpb_column column_container vc_column_container col padding-3-percent inherit_tablet inherit_phone\"  data-padding-pos=\"all\" data-has-bg-color=\"false\" data-bg-color=\"\" data-bg-opacity=\"1\" data-animation=\"\" data-delay=\"0\" >\n\t\t<div class=\"vc_column-inner\" >\n\t\t\t<div class=\"wpb_wrapper\">\n\t\t\t\t<div class=\"img-with-aniamtion-wrap\" data-max-width=\"100%\" data-max-width-mobile=\"default\" data-shadow=\"none\" data-animation=\"none\" >\n      <div class=\"inner\">\n        <div class=\"hover-wrap\"> \n          <div class=\"hover-wrap-inner\">\n            <img loading=\"lazy\" decoding=\"async\" class=\"img-with-animation skip-lazy\" data-delay=\"0\" height=\"1024\" width=\"1024\" data-animation=\"none\" src=\"https:\/\/valentinacorro.com\/wp-content\/uploads\/2025\/01\/Servicios-1-1-1024x1024-1.png\" alt=\"\" srcset=\"https:\/\/valentinacorro.com\/wp-content\/uploads\/2025\/01\/Servicios-1-1-1024x1024-1.png 1024w, https:\/\/valentinacorro.com\/wp-content\/uploads\/2025\/01\/Servicios-1-1-1024x1024-1-300x300.png 300w, https:\/\/valentinacorro.com\/wp-content\/uploads\/2025\/01\/Servicios-1-1-1024x1024-1-150x150.png 150w, https:\/\/valentinacorro.com\/wp-content\/uploads\/2025\/01\/Servicios-1-1-1024x1024-1-768x768.png 768w, https:\/\/valentinacorro.com\/wp-content\/uploads\/2025\/01\/Servicios-1-1-1024x1024-1-140x140.png 140w, https:\/\/valentinacorro.com\/wp-content\/uploads\/2025\/01\/Servicios-1-1-1024x1024-1-100x100.png 100w, https:\/\/valentinacorro.com\/wp-content\/uploads\/2025\/01\/Servicios-1-1-1024x1024-1-500x500.png 500w, https:\/\/valentinacorro.com\/wp-content\/uploads\/2025\/01\/Servicios-1-1-1024x1024-1-350x350.png 350w, https:\/\/valentinacorro.com\/wp-content\/uploads\/2025\/01\/Servicios-1-1-1024x1024-1-1000x1000.png 1000w, https:\/\/valentinacorro.com\/wp-content\/uploads\/2025\/01\/Servicios-1-1-1024x1024-1-800x800.png 800w\" sizes=\"auto, (max-width: 1024px) 100vw, 1024px\" \/>\n          <\/div>\n        <\/div>\n      <\/div>\n    <\/div>\n\t\t\t<\/div> \n\t\t<\/div>\n\t<\/div> \n\n\t<div  class=\"vc_col-sm-6 wpb_column column_container vc_column_container col no-extra-padding force-phone-text-align-center inherit_tablet inherit_phone\"  data-padding-pos=\"left\" data-has-bg-color=\"false\" data-bg-color=\"\" data-bg-opacity=\"1\" data-animation=\"\" data-delay=\"0\" >\n\t\t<div class=\"vc_column-inner\" >\n\t\t\t<div class=\"wpb_wrapper\">\n\t\t\t\t<div class=\"nectar-responsive-text div-1 font_size_desktop_60px font_size_phone_50px nectar-link-underline-effect\" style=\"color: #695a48;\"><h2>Level<\/h2>\n<\/div><div class=\"nectar-responsive-text div-2 font_size_desktop_60px font_size_phone_30px font_line_height_1px nectar-link-underline-effect\" style=\"color: #cc872a;\"><h1>PETITE<\/h1>\n<\/div><div class=\"nectar-responsive-text font_size_desktop_22px font_size_phone_20px nectar-link-underline-effect\" style=\"color: #000000;\"><h1>Intimate weddings with a touch of grandeur.<\/h1>\n<\/div>\n<div class=\"wpb_text_column wpb_content_element\" >\n\t<div class=\"wpb_wrapper\">\n\t\t<p>Our Petite Weddings are perfect for those who seek an intimate celebration without compromising on sophistication. With a guest limit of 100, mostly from abroad, these weddings are known for their extravagant and elegant decor, set in exclusive venues. Coordinated by our Chief Planners, they are often held in vacation destinations in Mexico, offering a unique and close-knit experience centered on family union and intimate friendships.<br \/>\nExperience an intimate and memorable wedding without sacrificing the style and grandeur you deserve!<\/p>\n\t<\/div>\n<\/div>\n\n\n\n\n\t\t\t<\/div> \n\t\t<\/div>\n\t<\/div> \n<\/div><\/div>","protected":false},"excerpt":{"rendered":"Bodas DESTINO Nuestras bodas destino est\u00e1n dise\u00f1adas especialmente para parejas que sue\u00f1an con celebrar su amor en los lugares m\u00e1s emblem\u00e1ticos de M\u00e9xico y el mundo. Valentina se encarga de...","protected":false},"author":1,"featured_media":0,"parent":0,"menu_order":0,"comment_status":"closed","ping_status":"closed","template":"","meta":{"footnotes":""},"class_list":["post-225","page","type-page","status-publish"],"yoast_head":"<!-- This site is optimized with the Yoast SEO plugin v26.4 - https:\/\/yoast.com\/wordpress\/plugins\/seo\/ -->\n<title>Bodas destino - Valentina Corro<\/title>\n<meta name=\"robots\" content=\"index, follow, max-snippet:-1, max-image-preview:large, max-video-preview:-1\" \/>\n<link rel=\"canonical\" href=\"https:\/\/valentinacorro.com\/us\/bodas-destino\/\" \/>\n<meta property=\"og:locale\" content=\"en_US\" \/>\n<meta property=\"og:type\" content=\"article\" \/>\n<meta property=\"og:title\" content=\"Bodas destino - Valentina Corro\" \/>\n<meta property=\"og:url\" content=\"https:\/\/valentinacorro.com\/us\/bodas-destino\/\" \/>\n<meta property=\"og:site_name\" content=\"Valentina Corro\" \/>\n<meta property=\"article:modified_time\" content=\"2025-02-14T22:37:36+00:00\" \/>\n<meta name=\"twitter:card\" content=\"summary_large_image\" \/>\n<meta name=\"twitter:label1\" content=\"Est. reading time\" \/>\n\t<meta name=\"twitter:data1\" content=\"3 minutes\" \/>\n<script type=\"application\/ld+json\" class=\"yoast-schema-graph\">{\"@context\":\"https:\/\/schema.org\",\"@graph\":[{\"@type\":\"WebPage\",\"@id\":\"https:\/\/valentinacorro.com\/bodas-destino\/\",\"url\":\"https:\/\/valentinacorro.com\/bodas-destino\/\",\"name\":\"Bodas destino - Valentina Corro\",\"isPartOf\":{\"@id\":\"https:\/\/valentinacorro.com\/#website\"},\"datePublished\":\"2025-01-17T09:06:04+00:00\",\"dateModified\":\"2025-02-14T22:37:36+00:00\",\"breadcrumb\":{\"@id\":\"https:\/\/valentinacorro.com\/bodas-destino\/#breadcrumb\"},\"inLanguage\":\"en-US\",\"potentialAction\":[{\"@type\":\"ReadAction\",\"target\":[\"https:\/\/valentinacorro.com\/bodas-destino\/\"]}]},{\"@type\":\"BreadcrumbList\",\"@id\":\"https:\/\/valentinacorro.com\/bodas-destino\/#breadcrumb\",\"itemListElement\":[{\"@type\":\"ListItem\",\"position\":1,\"name\":\"Inicio\",\"item\":\"https:\/\/valentinacorro.com\/\"},{\"@type\":\"ListItem\",\"position\":2,\"name\":\"Bodas destino\"}]},{\"@type\":\"WebSite\",\"@id\":\"https:\/\/valentinacorro.com\/#website\",\"url\":\"https:\/\/valentinacorro.com\/\",\"name\":\"Valentina Corro\",\"description\":\"\",\"potentialAction\":[{\"@type\":\"SearchAction\",\"target\":{\"@type\":\"EntryPoint\",\"urlTemplate\":\"https:\/\/valentinacorro.com\/?s={search_term_string}\"},\"query-input\":{\"@type\":\"PropertyValueSpecification\",\"valueRequired\":true,\"valueName\":\"search_term_string\"}}],\"inLanguage\":\"en-US\"}]}<\/script>\n<!-- \/ Yoast SEO plugin. -->","yoast_head_json":{"title":"Bodas destino - Valentina Corro","robots":{"index":"index","follow":"follow","max-snippet":"max-snippet:-1","max-image-preview":"max-image-preview:large","max-video-preview":"max-video-preview:-1"},"canonical":"https:\/\/valentinacorro.com\/us\/bodas-destino\/","og_locale":"en_US","og_type":"article","og_title":"Bodas destino - Valentina Corro","og_url":"https:\/\/valentinacorro.com\/us\/bodas-destino\/","og_site_name":"Valentina Corro","article_modified_time":"2025-02-14T22:37:36+00:00","twitter_card":"summary_large_image","twitter_misc":{"Est. reading time":"3 minutes"},"schema":{"@context":"https:\/\/schema.org","@graph":[{"@type":"WebPage","@id":"https:\/\/valentinacorro.com\/bodas-destino\/","url":"https:\/\/valentinacorro.com\/bodas-destino\/","name":"Bodas destino - Valentina Corro","isPartOf":{"@id":"https:\/\/valentinacorro.com\/#website"},"datePublished":"2025-01-17T09:06:04+00:00","dateModified":"2025-02-14T22:37:36+00:00","breadcrumb":{"@id":"https:\/\/valentinacorro.com\/bodas-destino\/#breadcrumb"},"inLanguage":"en-US","potentialAction":[{"@type":"ReadAction","target":["https:\/\/valentinacorro.com\/bodas-destino\/"]}]},{"@type":"BreadcrumbList","@id":"https:\/\/valentinacorro.com\/bodas-destino\/#breadcrumb","itemListElement":[{"@type":"ListItem","position":1,"name":"Inicio","item":"https:\/\/valentinacorro.com\/"},{"@type":"ListItem","position":2,"name":"Bodas destino"}]},{"@type":"WebSite","@id":"https:\/\/valentinacorro.com\/#website","url":"https:\/\/valentinacorro.com\/","name":"Valentina Corro","description":"","potentialAction":[{"@type":"SearchAction","target":{"@type":"EntryPoint","urlTemplate":"https:\/\/valentinacorro.com\/?s={search_term_string}"},"query-input":{"@type":"PropertyValueSpecification","valueRequired":true,"valueName":"search_term_string"}}],"inLanguage":"en-US"}]}},"_links":{"self":[{"href":"https:\/\/valentinacorro.com\/us\/wp-json\/wp\/v2\/pages\/225","targetHints":{"allow":["GET"]}}],"collection":[{"href":"https:\/\/valentinacorro.com\/us\/wp-json\/wp\/v2\/pages"}],"about":[{"href":"https:\/\/valentinacorro.com\/us\/wp-json\/wp\/v2\/types\/page"}],"author":[{"embeddable":true,"href":"https:\/\/valentinacorro.com\/us\/wp-json\/wp\/v2\/users\/1"}],"replies":[{"embeddable":true,"href":"https:\/\/valentinacorro.com\/us\/wp-json\/wp\/v2\/comments?post=225"}],"version-history":[{"count":17,"href":"https:\/\/valentinacorro.com\/us\/wp-json\/wp\/v2\/pages\/225\/revisions"}],"predecessor-version":[{"id":29916,"href":"https:\/\/valentinacorro.com\/us\/wp-json\/wp\/v2\/pages\/225\/revisions\/29916"}],"wp:attachment":[{"href":"https:\/\/valentinacorro.com\/us\/wp-json\/wp\/v2\/media?parent=225"}],"curies":[{"name":"wp","href":"https:\/\/api.w.org\/{rel}","templated":true}]}}