{"id":257,"date":"2025-01-17T10:01:13","date_gmt":"2025-01-17T10:01:13","guid":{"rendered":"https:\/\/develup.valentinacorro.com\/?page_id=257"},"modified":"2025-02-19T20:37:17","modified_gmt":"2025-02-19T20:37:17","slug":"educacion","status":"publish","type":"page","link":"https:\/\/valentinacorro.com\/us\/educacion\/","title":{"rendered":"Education"},"content":{"rendered":"<div id=\"fws_69e441dce85f5\"  data-column-margin=\"none\" data-midnight=\"light\" data-top-percent=\"14%\" data-bottom-percent=\"14%\"  class=\"wpb_row vc_row-fluid vc_row full-width-section  top_padding_tablet_30pct top_padding_phone_40pct bottom_padding_tablet_30pct bottom_padding_phone_40pct\"  style=\"padding-top: calc(100vw * 0.14); padding-bottom: calc(100vw * 0.14); \"><div class=\"row-bg-wrap\" data-bg-animation=\"zoom-out\" data-bg-animation-delay=\"\" data-bg-overlay=\"true\"><div class=\"inner-wrap row-bg-layer\" ><div class=\"row-bg viewport-desktop using-bg-color\"  style=\"background-color: #f2f2f2; \"><\/div><\/div><div class=\"row-bg-overlay row-bg-layer\" style=\"background-color:#c4b39d;  opacity: 0.3; \"><\/div><\/div>\n\t\t\t<div class=\"video-color-overlay row-bg-layer\" data-color=\"\"><\/div>\n\t\t\t\n\t\t\t<div class=\"nectar-video-wrap row-bg-layer\" data-bg-alignment=\"\">\n\t\t\t\t<div class=\"nectar-video-inner\">\n\t\t\t\t<video class=\"nectar-video-bg\" width=\"1800\" height=\"700\" preload=\"auto\" loop autoplay muted playsinline><source src=\"https:\/\/valentinacorro.com\/wp-content\/uploads\/2025\/01\/Educacion-1.mov\"  type=\"video\/mp4\"><\/video>    \t\t<\/div>\n\t\t\t <\/div>\n\n\t\t\t<div class=\"row_col_wrap_12 col span_12 light center\">\n\t<div  class=\"vc_col-sm-12 wpb_column column_container vc_column_container col no-extra-padding force-phone-text-align-center el_spacing_0px inherit_tablet inherit_phone\"  data-padding-pos=\"all\" data-has-bg-color=\"false\" data-bg-color=\"\" data-bg-opacity=\"1\" data-animation=\"\" data-delay=\"0\" >\n\t\t<div class=\"vc_column-inner\" >\n\t\t\t<div class=\"wpb_wrapper\">\n\t\t\t\t<div class=\"nectar-responsive-text font_size_desktop_100px font_size_phone_50px font_line_height_1-2 nectar-link-underline-effect\" data-inherit-heading-family=\"h1\"><h1>EDUCATION<\/h1>\n<\/div><div class=\"divider-wrap height_phone_20px\" data-alignment=\"default\"><div style=\"height: 10px;\" class=\"divider\"><\/div><\/div><div class=\"nectar-responsive-text font_size_desktop_20px font_size_phone_15px font_line_height_1-4 nectar-link-underline-effect\"><p>With over 13 years of experience, training, and passion, Valentina Corro has found her mission in inspiring and supporting others to achieve their dreams. Are you looking to grow and develop? We offer courses, personalized coaching sessions, and international conferences to help you unlock your potential. From channeling your skills to reaching your goals, we are here to guide you on your journey to success.<\/p>\n<\/div>\n\t\t\t<\/div> \n\t\t<\/div>\n\t<\/div> \n<\/div><\/div>\n\t\t<div id=\"fws_69e441dce8b71\"  data-column-margin=\"default\" data-midnight=\"dark\" data-top-percent=\"3%\" data-bottom-percent=\"3%\"  class=\"wpb_row vc_row-fluid vc_row full-width-section vc_row-o-equal-height vc_row-flex vc_row-o-content-middle  top_padding_phone_15pct bottom_padding_phone_15pct\"  style=\"padding-top: calc(100vw * 0.03); padding-bottom: calc(100vw * 0.03); \"><div class=\"row-bg-wrap\" data-bg-animation=\"none\" data-bg-animation-delay=\"\" data-bg-overlay=\"false\"><div class=\"inner-wrap row-bg-layer\" ><div class=\"row-bg viewport-desktop\"  style=\"\"><\/div><\/div><\/div><div class=\"row_col_wrap_12 col span_12 dark left\">\n\t<div  class=\"vc_col-sm-6 wpb_column column_container vc_column_container col padding-3-percent inherit_tablet inherit_phone\"  data-padding-pos=\"all\" data-has-bg-color=\"false\" data-bg-color=\"\" data-bg-opacity=\"1\" data-animation=\"\" data-delay=\"0\" >\n\t\t<div class=\"vc_column-inner\" >\n\t\t\t<div class=\"wpb_wrapper\">\n\t\t\t\t<div class=\"img-with-aniamtion-wrap\" data-max-width=\"100%\" data-max-width-mobile=\"default\" data-shadow=\"none\" data-animation=\"none\" >\n      <div class=\"inner\">\n        <div class=\"hover-wrap\"> \n          <div class=\"hover-wrap-inner\">\n            <img loading=\"lazy\" decoding=\"async\" class=\"img-with-animation skip-lazy\" data-delay=\"0\" height=\"1024\" width=\"1024\" data-animation=\"none\" src=\"https:\/\/valentinacorro.com\/wp-content\/uploads\/2025\/01\/8-1024x1024-2.png\" alt=\"\" srcset=\"https:\/\/valentinacorro.com\/wp-content\/uploads\/2025\/01\/8-1024x1024-2.png 1024w, https:\/\/valentinacorro.com\/wp-content\/uploads\/2025\/01\/8-1024x1024-2-300x300.png 300w, https:\/\/valentinacorro.com\/wp-content\/uploads\/2025\/01\/8-1024x1024-2-150x150.png 150w, https:\/\/valentinacorro.com\/wp-content\/uploads\/2025\/01\/8-1024x1024-2-768x768.png 768w, https:\/\/valentinacorro.com\/wp-content\/uploads\/2025\/01\/8-1024x1024-2-140x140.png 140w, https:\/\/valentinacorro.com\/wp-content\/uploads\/2025\/01\/8-1024x1024-2-100x100.png 100w, https:\/\/valentinacorro.com\/wp-content\/uploads\/2025\/01\/8-1024x1024-2-500x500.png 500w, https:\/\/valentinacorro.com\/wp-content\/uploads\/2025\/01\/8-1024x1024-2-350x350.png 350w, https:\/\/valentinacorro.com\/wp-content\/uploads\/2025\/01\/8-1024x1024-2-1000x1000.png 1000w, https:\/\/valentinacorro.com\/wp-content\/uploads\/2025\/01\/8-1024x1024-2-800x800.png 800w\" sizes=\"auto, (max-width: 1024px) 100vw, 1024px\" \/>\n          <\/div>\n        <\/div>\n      <\/div>\n    <\/div>\n\t\t\t<\/div> \n\t\t<\/div>\n\t<\/div> \n\n\t<div  class=\"vc_col-sm-6 wpb_column column_container vc_column_container col no-extra-padding force-phone-text-align-center inherit_tablet inherit_phone\"  data-padding-pos=\"left\" data-has-bg-color=\"false\" data-bg-color=\"\" data-bg-opacity=\"1\" data-animation=\"\" data-delay=\"0\" >\n\t\t<div class=\"vc_column-inner\" >\n\t\t\t<div class=\"wpb_wrapper\">\n\t\t\t\t<div class=\"nectar-responsive-text font_size_desktop_60px font_size_phone_30px font_line_height_1px nectar-link-underline-effect\" style=\"color: #cc872a;\"><h1>COURSES<\/h1>\n<\/div><div class=\"nectar-responsive-text font_size_desktop_22px font_size_phone_20px nectar-link-underline-effect\" style=\"color: #000000;\"><h1>Available in digital or in-person formats<\/h1>\n<\/div>\n<div class=\"wpb_text_column wpb_content_element\" >\n\t<div class=\"wpb_wrapper\">\n\t\t<p><strong>South Asian Weddings in LATAM<\/strong>\u00a0(16\/8 hours):<br \/>\nA course designed for event professionals, students, and entrepreneurs in the sector to identify the key characteristics of South Asian weddings in Mexico.<\/p>\n<p><strong>Celebration Tourism Applied to Hospitality<\/strong>\u00a0(10 hours):<br \/>\nFocused on hospitality professionals, this course provides tools for closing effective sales in celebration tourism and properly following up with couples.<\/p>\n<p><strong>Celebration Tourism for Developing Tourist Destinations<\/strong>\u00a0(10 hours):<br \/>\nAimed at tourism and event professionals, this course prepares and organizes the value chain in romance tourism to maximize capture and improve service at the destination.<\/p>\n<p><strong>AGILIBUS<\/strong>\u00a0(32 hours):<br \/>\nA course for event professionals and entrepreneurs that offers logistics, coordination, basic administration tools, and knowledge of destination weddings. It includes success testimonials from CDMX and Monterrey.<\/p>\n<p><strong>Methodology of the Wedding Planner + Destination Weddings + Trends<\/strong>\u00a0(6 hours):<br \/>\nDirected at event professionals, this course provides tools to improve practices as a wedding planner, focusing on destination weddings and current trends.<\/p>\n\t<\/div>\n<\/div>\n\n\n\n\n\t\t\t<\/div> \n\t\t<\/div>\n\t<\/div> \n<\/div><\/div>\n\t\t<div id=\"fws_69e441dce9661\"  data-column-margin=\"default\" data-midnight=\"dark\" data-top-percent=\"3%\" data-bottom-percent=\"3%\"  class=\"wpb_row vc_row-fluid vc_row full-width-section vc_row-o-equal-height vc_row-flex vc_row-o-content-middle  reverse_columns_column_phone top_padding_phone_15pct bottom_padding_phone_15pct\"  style=\"padding-top: calc(100vw * 0.03); padding-bottom: calc(100vw * 0.03); \"><div class=\"row-bg-wrap\" data-bg-animation=\"none\" data-bg-animation-delay=\"\" data-bg-overlay=\"false\"><div class=\"inner-wrap row-bg-layer\" ><div class=\"row-bg viewport-desktop\"  style=\"\"><\/div><\/div><\/div><div class=\"row_col_wrap_12 col span_12 dark left\">\n\t<div  class=\"vc_col-sm-6 wpb_column column_container vc_column_container col no-extra-padding force-phone-text-align-center inherit_tablet inherit_phone\"  data-padding-pos=\"all\" data-has-bg-color=\"false\" data-bg-color=\"\" data-bg-opacity=\"1\" data-animation=\"\" data-delay=\"0\" >\n\t\t<div class=\"vc_column-inner\" >\n\t\t\t<div class=\"wpb_wrapper\">\n\t\t\t\t<div class=\"nectar-responsive-text font_size_desktop_60px font_size_phone_30px font_line_height_1px nectar-link-underline-effect\" style=\"color: #cc872a;\"><h1>CONFERENCES<\/h1>\n<\/div><div class=\"nectar-responsive-text font_size_desktop_22px font_size_phone_20px nectar-link-underline-effect\" style=\"color: #000000;\"><h1>Available in digital or in-person formats<\/h1>\n<\/div>\n<div class=\"wpb_text_column wpb_content_element\" >\n\t<div class=\"wpb_wrapper\">\n\t\t<p><strong>Leadership in Expansion<\/strong>\u00a0(1 hour):<br \/>\nExplores how balanced leadership and best practices can promote expansion, diversification, and exposure in new markets.<\/p>\n<p><strong>Meet the Love Trip<\/strong>\u00a0(1 hour):<br \/>\nAnalyzes the characteristics and operations of destination weddings within celebration tourism.<\/p>\n<p><strong>How to Differentiate Your Brand<\/strong>\u00a0(1 hour):<br \/>\nFocuses on recognizing and developing a brand\u2019s DNA to stand out in the market, with sales methodologies and techniques for efficiently closing negotiations.<\/p>\n<p><strong>Celebration Tourism with Purpose<\/strong>\u00a0(1 hour):<br \/>\nDiscusses how celebration tourism can benefit a destination and its value chain, highlighting positive impacts on society.<\/p>\n<p><strong>South Asian Weddings: Attention to New Markets.<\/strong>\u00a0(1 hour):<br \/>\nAddresses the new direction of celebration tourism, the challenges, and opportunities in catering to emerging markets.<\/p>\n<p><strong>Target Audience:<\/strong>\u00a0Event professionals, students, entrepreneurs, and event suppliers.<\/p>\n\t<\/div>\n<\/div>\n\n\n\n\n\t\t\t<\/div> \n\t\t<\/div>\n\t<\/div> \n\n\t<div  class=\"vc_col-sm-6 wpb_column column_container vc_column_container col padding-6-percent force-phone-text-align-center inherit_tablet inherit_phone\"  data-padding-pos=\"left\" data-has-bg-color=\"false\" data-bg-color=\"\" data-bg-opacity=\"1\" data-animation=\"\" data-delay=\"0\" >\n\t\t<div class=\"vc_column-inner\" >\n\t\t\t<div class=\"wpb_wrapper\">\n\t\t\t\t<div class=\"img-with-aniamtion-wrap\" data-max-width=\"100%\" data-max-width-mobile=\"default\" data-shadow=\"none\" data-animation=\"none\" >\n      <div class=\"inner\">\n        <div class=\"hover-wrap\"> \n          <div class=\"hover-wrap-inner\">\n            <img loading=\"lazy\" decoding=\"async\" class=\"img-with-animation skip-lazy\" data-delay=\"0\" height=\"1024\" width=\"1024\" data-animation=\"none\" src=\"https:\/\/valentinacorro.com\/wp-content\/uploads\/2025\/01\/9-1024x1024-1.png\" alt=\"\" srcset=\"https:\/\/valentinacorro.com\/wp-content\/uploads\/2025\/01\/9-1024x1024-1.png 1024w, https:\/\/valentinacorro.com\/wp-content\/uploads\/2025\/01\/9-1024x1024-1-300x300.png 300w, https:\/\/valentinacorro.com\/wp-content\/uploads\/2025\/01\/9-1024x1024-1-150x150.png 150w, https:\/\/valentinacorro.com\/wp-content\/uploads\/2025\/01\/9-1024x1024-1-768x768.png 768w, https:\/\/valentinacorro.com\/wp-content\/uploads\/2025\/01\/9-1024x1024-1-140x140.png 140w, https:\/\/valentinacorro.com\/wp-content\/uploads\/2025\/01\/9-1024x1024-1-100x100.png 100w, https:\/\/valentinacorro.com\/wp-content\/uploads\/2025\/01\/9-1024x1024-1-500x500.png 500w, https:\/\/valentinacorro.com\/wp-content\/uploads\/2025\/01\/9-1024x1024-1-350x350.png 350w, https:\/\/valentinacorro.com\/wp-content\/uploads\/2025\/01\/9-1024x1024-1-1000x1000.png 1000w, https:\/\/valentinacorro.com\/wp-content\/uploads\/2025\/01\/9-1024x1024-1-800x800.png 800w\" sizes=\"auto, (max-width: 1024px) 100vw, 1024px\" \/>\n          <\/div>\n        <\/div>\n      <\/div>\n    <\/div>\n\t\t\t<\/div> \n\t\t<\/div>\n\t<\/div> \n<\/div><\/div>","protected":false},"excerpt":{"rendered":"EDUCACI\u00d3N Con m\u00e1s de 13 a\u00f1os de experiencia, formaci\u00f3n y pasi\u00f3n, Valentina Corro ha encontrado su misi\u00f3n en inspirar y apoyar a otros a alcanzar sus sue\u00f1os. \u00bfBuscas crecer y...","protected":false},"author":1,"featured_media":0,"parent":0,"menu_order":0,"comment_status":"closed","ping_status":"closed","template":"","meta":{"footnotes":""},"class_list":["post-257","page","type-page","status-publish"],"yoast_head":"<!-- This site is optimized with the Yoast SEO plugin v26.4 - https:\/\/yoast.com\/wordpress\/plugins\/seo\/ -->\n<title>Educaci\u00f3n - Valentina Corro<\/title>\n<meta name=\"robots\" content=\"index, follow, max-snippet:-1, max-image-preview:large, max-video-preview:-1\" \/>\n<link rel=\"canonical\" href=\"https:\/\/valentinacorro.com\/us\/educacion\/\" \/>\n<meta property=\"og:locale\" content=\"en_US\" \/>\n<meta property=\"og:type\" content=\"article\" \/>\n<meta property=\"og:title\" content=\"Educaci\u00f3n - Valentina Corro\" \/>\n<meta property=\"og:url\" content=\"https:\/\/valentinacorro.com\/us\/educacion\/\" \/>\n<meta property=\"og:site_name\" content=\"Valentina Corro\" \/>\n<meta property=\"article:modified_time\" content=\"2025-02-19T20:37:17+00:00\" \/>\n<meta name=\"twitter:card\" content=\"summary_large_image\" \/>\n<meta name=\"twitter:label1\" content=\"Est. reading time\" \/>\n\t<meta name=\"twitter:data1\" content=\"7 minutes\" \/>\n<script type=\"application\/ld+json\" class=\"yoast-schema-graph\">{\"@context\":\"https:\/\/schema.org\",\"@graph\":[{\"@type\":\"WebPage\",\"@id\":\"https:\/\/valentinacorro.com\/educacion\/\",\"url\":\"https:\/\/valentinacorro.com\/educacion\/\",\"name\":\"Educaci\u00f3n - Valentina Corro\",\"isPartOf\":{\"@id\":\"https:\/\/valentinacorro.com\/#website\"},\"datePublished\":\"2025-01-17T10:01:13+00:00\",\"dateModified\":\"2025-02-19T20:37:17+00:00\",\"breadcrumb\":{\"@id\":\"https:\/\/valentinacorro.com\/educacion\/#breadcrumb\"},\"inLanguage\":\"en-US\",\"potentialAction\":[{\"@type\":\"ReadAction\",\"target\":[\"https:\/\/valentinacorro.com\/educacion\/\"]}]},{\"@type\":\"BreadcrumbList\",\"@id\":\"https:\/\/valentinacorro.com\/educacion\/#breadcrumb\",\"itemListElement\":[{\"@type\":\"ListItem\",\"position\":1,\"name\":\"Inicio\",\"item\":\"https:\/\/valentinacorro.com\/\"},{\"@type\":\"ListItem\",\"position\":2,\"name\":\"Educaci\u00f3n\"}]},{\"@type\":\"WebSite\",\"@id\":\"https:\/\/valentinacorro.com\/#website\",\"url\":\"https:\/\/valentinacorro.com\/\",\"name\":\"Valentina Corro\",\"description\":\"\",\"potentialAction\":[{\"@type\":\"SearchAction\",\"target\":{\"@type\":\"EntryPoint\",\"urlTemplate\":\"https:\/\/valentinacorro.com\/?s={search_term_string}\"},\"query-input\":{\"@type\":\"PropertyValueSpecification\",\"valueRequired\":true,\"valueName\":\"search_term_string\"}}],\"inLanguage\":\"en-US\"}]}<\/script>\n<!-- \/ Yoast SEO plugin. -->","yoast_head_json":{"title":"Educaci\u00f3n - Valentina Corro","robots":{"index":"index","follow":"follow","max-snippet":"max-snippet:-1","max-image-preview":"max-image-preview:large","max-video-preview":"max-video-preview:-1"},"canonical":"https:\/\/valentinacorro.com\/us\/educacion\/","og_locale":"en_US","og_type":"article","og_title":"Educaci\u00f3n - Valentina Corro","og_url":"https:\/\/valentinacorro.com\/us\/educacion\/","og_site_name":"Valentina Corro","article_modified_time":"2025-02-19T20:37:17+00:00","twitter_card":"summary_large_image","twitter_misc":{"Est. reading time":"7 minutes"},"schema":{"@context":"https:\/\/schema.org","@graph":[{"@type":"WebPage","@id":"https:\/\/valentinacorro.com\/educacion\/","url":"https:\/\/valentinacorro.com\/educacion\/","name":"Educaci\u00f3n - Valentina Corro","isPartOf":{"@id":"https:\/\/valentinacorro.com\/#website"},"datePublished":"2025-01-17T10:01:13+00:00","dateModified":"2025-02-19T20:37:17+00:00","breadcrumb":{"@id":"https:\/\/valentinacorro.com\/educacion\/#breadcrumb"},"inLanguage":"en-US","potentialAction":[{"@type":"ReadAction","target":["https:\/\/valentinacorro.com\/educacion\/"]}]},{"@type":"BreadcrumbList","@id":"https:\/\/valentinacorro.com\/educacion\/#breadcrumb","itemListElement":[{"@type":"ListItem","position":1,"name":"Inicio","item":"https:\/\/valentinacorro.com\/"},{"@type":"ListItem","position":2,"name":"Educaci\u00f3n"}]},{"@type":"WebSite","@id":"https:\/\/valentinacorro.com\/#website","url":"https:\/\/valentinacorro.com\/","name":"Valentina Corro","description":"","potentialAction":[{"@type":"SearchAction","target":{"@type":"EntryPoint","urlTemplate":"https:\/\/valentinacorro.com\/?s={search_term_string}"},"query-input":{"@type":"PropertyValueSpecification","valueRequired":true,"valueName":"search_term_string"}}],"inLanguage":"en-US"}]}},"_links":{"self":[{"href":"https:\/\/valentinacorro.com\/us\/wp-json\/wp\/v2\/pages\/257","targetHints":{"allow":["GET"]}}],"collection":[{"href":"https:\/\/valentinacorro.com\/us\/wp-json\/wp\/v2\/pages"}],"about":[{"href":"https:\/\/valentinacorro.com\/us\/wp-json\/wp\/v2\/types\/page"}],"author":[{"embeddable":true,"href":"https:\/\/valentinacorro.com\/us\/wp-json\/wp\/v2\/users\/1"}],"replies":[{"embeddable":true,"href":"https:\/\/valentinacorro.com\/us\/wp-json\/wp\/v2\/comments?post=257"}],"version-history":[{"count":12,"href":"https:\/\/valentinacorro.com\/us\/wp-json\/wp\/v2\/pages\/257\/revisions"}],"predecessor-version":[{"id":30011,"href":"https:\/\/valentinacorro.com\/us\/wp-json\/wp\/v2\/pages\/257\/revisions\/30011"}],"wp:attachment":[{"href":"https:\/\/valentinacorro.com\/us\/wp-json\/wp\/v2\/media?parent=257"}],"curies":[{"name":"wp","href":"https:\/\/api.w.org\/{rel}","templated":true}]}}