{"id":30122,"date":"2025-03-27T17:29:51","date_gmt":"2025-03-27T17:29:51","guid":{"rendered":"https:\/\/valentinacorro.com\/?page_id=30122"},"modified":"2025-03-28T17:26:02","modified_gmt":"2025-03-28T17:26:02","slug":"thank-you","status":"publish","type":"page","link":"https:\/\/valentinacorro.com\/us\/thank-you\/","title":{"rendered":"Thank you"},"content":{"rendered":"<div id=\"fws_69e73faa26b7f\"  data-column-margin=\"default\" data-midnight=\"dark\"  class=\"wpb_row vc_row-fluid vc_row full-width-section vc_row-o-full-height vc_row-o-columns-middle vc_row-o-equal-height vc_row-flex\"  style=\"padding-top: 0px; padding-bottom: 0px; \"><div class=\"row-bg-wrap\" data-bg-animation=\"none\" data-bg-animation-delay=\"\" data-bg-overlay=\"false\"><div class=\"inner-wrap row-bg-layer\" ><div class=\"row-bg viewport-desktop using-bg-color\"  style=\"background-color: #ffffff; \"><\/div><\/div><\/div><div class=\"row_col_wrap_12 col span_12 dark left\">\n\t<div  class=\"vc_col-sm-12 wpb_column column_container vc_column_container col no-extra-padding force-desktop-text-align-center force-phone-text-align-center inherit_tablet inherit_phone\"  data-padding-pos=\"all\" data-has-bg-color=\"false\" data-bg-color=\"\" data-bg-opacity=\"1\" data-animation=\"\" data-delay=\"0\" >\n\t\t<div class=\"vc_column-inner\" >\n\t\t\t<div class=\"wpb_wrapper\">\n\t\t\t\t<div class=\"img-with-aniamtion-wrap\" data-max-width=\"100%\" data-max-width-mobile=\"default\" data-shadow=\"none\" data-animation=\"none\" >\n      <div class=\"inner\">\n        <div class=\"hover-wrap\"> \n          <div class=\"hover-wrap-inner\">\n            <img loading=\"lazy\" decoding=\"async\" class=\"img-with-animation skip-lazy\" data-delay=\"0\" height=\"74\" width=\"343\" data-animation=\"none\" src=\"https:\/\/valentinacorro.com\/wp-content\/uploads\/2024\/12\/cropped-Secundario-343x74-1.png\" alt=\"\" srcset=\"https:\/\/valentinacorro.com\/wp-content\/uploads\/2024\/12\/cropped-Secundario-343x74-1.png 343w, https:\/\/valentinacorro.com\/wp-content\/uploads\/2024\/12\/cropped-Secundario-343x74-1-300x65.png 300w\" sizes=\"auto, (max-width: 343px) 100vw, 343px\" \/>\n          <\/div>\n        <\/div>\n      <\/div>\n    <\/div><div class=\"divider-wrap\" data-alignment=\"default\"><div style=\"height: 20px;\" class=\"divider\"><\/div><\/div><div class=\"nectar-responsive-text font_size_desktop_60px font_size_phone_40px font_line_height_1px nectar-link-underline-effect\" style=\"color: #44b652;\" data-inherit-heading-family=\"h1\"><h1>Thank you for trusting us!<\/h1>\n<\/div><div class=\"nectar-responsive-text font_size_desktop_30px font_size_phone_20px font_line_height_1px nectar-link-underline-effect\" style=\"color: #44b652;\" data-inherit-heading-family=\"p\"><h1>We have received your information and will contact you soon to create something amazing.<\/h1>\n<\/div><div class=\"divider-wrap\" data-alignment=\"default\"><div style=\"margin-top: 25px; height: 1px; margin-bottom: 25px;\" data-width=\"100%\" data-animate=\"\" data-animation-delay=\"\" data-color=\"default\" class=\"divider-border\"><\/div><\/div><a class=\"nectar-button large see-through accent-color has-icon\"  role=\"button\" style=\"\" target=\"_blank\" href=\"https:\/\/valentinacorro.com\/us\/blog\/\" data-color-override=\"false\" data-hover-color-override=\"false\" data-hover-text-color-override=\"#fff\"><span>GET INSPIRED BY OUR BLOG<\/span><i  class=\"icon-button-arrow\"><\/i><\/a><a class=\"nectar-button large regular accent-color has-icon  regular-button\"  role=\"button\" style=\"margin-left: 5px;\" target=\"_blank\" href=\"https:\/\/valentinacorro.com\/us\/portafolio\/\" data-color-override=\"false\" data-hover-color-override=\"false\" data-hover-text-color-override=\"#fff\"><span>SEE OUR PORTFOLIO<\/span><i  class=\"icon-button-arrow\"><\/i><\/a><div class=\"divider-wrap\" data-alignment=\"default\"><div style=\"height: 60px;\" class=\"divider\"><\/div><\/div><div id=\"fws_69e73faa28b0a\" data-midnight=\"\" data-column-margin=\"default\" class=\"wpb_row vc_row-fluid vc_row inner_row\"  style=\"\"><div class=\"row-bg-wrap\"> <div class=\"row-bg\" ><\/div> <\/div><div class=\"row_col_wrap_12_inner col span_12  left\">\n\t<div  class=\"vc_col-sm-12 wpb_column column_container vc_column_container col child_column no-extra-padding inherit_tablet inherit_phone\"   data-padding-pos=\"all\" data-has-bg-color=\"false\" data-bg-color=\"\" data-bg-opacity=\"1\" data-animation=\"\" data-delay=\"0\" >\n\t\t<div class=\"vc_column-inner\" >\n\t\t<div class=\"wpb_wrapper\">\n\t\t\t<div class=\"nectar_icon_wrap\" data-border-thickness=\"1px\" data-style=\"border-basic\" data-padding=\"5px\" data-color=\"extra-color-2\" style=\"\" >\n\t\t<div class=\"nectar_icon\" ><a href=\"https:\/\/www.facebook.com\/ValentinaCorro\" target=\"_blank\"><\/a><i style=\"font-size: 15px; line-height: 22.5px; height: 22.5px; width: 22.5px;\" class=\"fa fa-facebook\"><\/i><\/div>\n\t<\/div><div class=\"nectar_icon_wrap\" data-border-thickness=\"1px\" data-style=\"border-basic\" data-padding=\"5px\" data-color=\"extra-color-2\" style=\"margin-left: 5px; \" >\n\t\t<div class=\"nectar_icon\" ><a href=\"https:\/\/www.instagram.com\/valentinacorroweddingplanner\/\" target=\"_blank\"><\/a><i style=\"font-size: 15px; line-height: 22.5px; height: 22.5px; width: 22.5px;\" class=\"fa fa-instagram\"><\/i><\/div>\n\t<\/div><div class=\"nectar_icon_wrap\" data-border-thickness=\"1px\" data-style=\"border-basic\" data-padding=\"5px\" data-color=\"extra-color-2\" style=\"margin-left: 5px; \" >\n\t\t<div class=\"nectar_icon\" ><a href=\"https:\/\/www.tiktok.com\/@valentinacorrowedding\" target=\"_blank\"><\/a><i style=\"font-size: 15px; line-height: 22.5px; height: 22.5px; width: 22.5px;\" class=\"nectar-brands-tiktok\"><\/i><\/div>\n\t<\/div>\n\t\t<\/div> \n\t<\/div>\n\t<\/div> \n<\/div><\/div>\n\t\t\t<\/div> \n\t\t<\/div>\n\t<\/div> \n<\/div><\/div>","protected":false},"excerpt":{"rendered":"\u00a1Gracias por confiar en nosotros! Hemos recibido tu informaci\u00f3n y pronto te contactaremos para crear algo incre\u00edble. INSP\u00cdRATE EN NUESTRO BLOGVE NUESTRO PORTAFOLIO","protected":false},"author":1,"featured_media":0,"parent":0,"menu_order":0,"comment_status":"closed","ping_status":"closed","template":"template-no-header-footer.php","meta":{"footnotes":""},"class_list":["post-30122","page","type-page","status-publish"],"yoast_head":"<!-- This site is optimized with the Yoast SEO plugin v26.4 - https:\/\/yoast.com\/wordpress\/plugins\/seo\/ -->\n<title>Thank you - Valentina Corro<\/title>\n<meta name=\"robots\" content=\"index, follow, max-snippet:-1, max-image-preview:large, max-video-preview:-1\" \/>\n<link rel=\"canonical\" href=\"https:\/\/valentinacorro.com\/us\/thank-you\/\" \/>\n<meta property=\"og:locale\" content=\"en_US\" \/>\n<meta property=\"og:type\" content=\"article\" \/>\n<meta property=\"og:title\" content=\"Thank you - Valentina Corro\" \/>\n<meta property=\"og:url\" content=\"https:\/\/valentinacorro.com\/us\/thank-you\/\" \/>\n<meta property=\"og:site_name\" content=\"Valentina Corro\" \/>\n<meta property=\"article:modified_time\" content=\"2025-03-28T17:26:02+00:00\" \/>\n<meta name=\"twitter:card\" content=\"summary_large_image\" \/>\n<script type=\"application\/ld+json\" class=\"yoast-schema-graph\">{\"@context\":\"https:\/\/schema.org\",\"@graph\":[{\"@type\":\"WebPage\",\"@id\":\"https:\/\/valentinacorro.com\/thank-you\/\",\"url\":\"https:\/\/valentinacorro.com\/thank-you\/\",\"name\":\"Thank you - Valentina Corro\",\"isPartOf\":{\"@id\":\"https:\/\/valentinacorro.com\/#website\"},\"datePublished\":\"2025-03-27T17:29:51+00:00\",\"dateModified\":\"2025-03-28T17:26:02+00:00\",\"breadcrumb\":{\"@id\":\"https:\/\/valentinacorro.com\/thank-you\/#breadcrumb\"},\"inLanguage\":\"en-US\",\"potentialAction\":[{\"@type\":\"ReadAction\",\"target\":[\"https:\/\/valentinacorro.com\/thank-you\/\"]}]},{\"@type\":\"BreadcrumbList\",\"@id\":\"https:\/\/valentinacorro.com\/thank-you\/#breadcrumb\",\"itemListElement\":[{\"@type\":\"ListItem\",\"position\":1,\"name\":\"Inicio\",\"item\":\"https:\/\/valentinacorro.com\/\"},{\"@type\":\"ListItem\",\"position\":2,\"name\":\"Thank you\"}]},{\"@type\":\"WebSite\",\"@id\":\"https:\/\/valentinacorro.com\/#website\",\"url\":\"https:\/\/valentinacorro.com\/\",\"name\":\"Valentina Corro\",\"description\":\"\",\"potentialAction\":[{\"@type\":\"SearchAction\",\"target\":{\"@type\":\"EntryPoint\",\"urlTemplate\":\"https:\/\/valentinacorro.com\/?s={search_term_string}\"},\"query-input\":{\"@type\":\"PropertyValueSpecification\",\"valueRequired\":true,\"valueName\":\"search_term_string\"}}],\"inLanguage\":\"en-US\"}]}<\/script>\n<!-- \/ Yoast SEO plugin. -->","yoast_head_json":{"title":"Thank you - Valentina Corro","robots":{"index":"index","follow":"follow","max-snippet":"max-snippet:-1","max-image-preview":"max-image-preview:large","max-video-preview":"max-video-preview:-1"},"canonical":"https:\/\/valentinacorro.com\/us\/thank-you\/","og_locale":"en_US","og_type":"article","og_title":"Thank you - Valentina Corro","og_url":"https:\/\/valentinacorro.com\/us\/thank-you\/","og_site_name":"Valentina Corro","article_modified_time":"2025-03-28T17:26:02+00:00","twitter_card":"summary_large_image","schema":{"@context":"https:\/\/schema.org","@graph":[{"@type":"WebPage","@id":"https:\/\/valentinacorro.com\/thank-you\/","url":"https:\/\/valentinacorro.com\/thank-you\/","name":"Thank you - Valentina Corro","isPartOf":{"@id":"https:\/\/valentinacorro.com\/#website"},"datePublished":"2025-03-27T17:29:51+00:00","dateModified":"2025-03-28T17:26:02+00:00","breadcrumb":{"@id":"https:\/\/valentinacorro.com\/thank-you\/#breadcrumb"},"inLanguage":"en-US","potentialAction":[{"@type":"ReadAction","target":["https:\/\/valentinacorro.com\/thank-you\/"]}]},{"@type":"BreadcrumbList","@id":"https:\/\/valentinacorro.com\/thank-you\/#breadcrumb","itemListElement":[{"@type":"ListItem","position":1,"name":"Inicio","item":"https:\/\/valentinacorro.com\/"},{"@type":"ListItem","position":2,"name":"Thank you"}]},{"@type":"WebSite","@id":"https:\/\/valentinacorro.com\/#website","url":"https:\/\/valentinacorro.com\/","name":"Valentina Corro","description":"","potentialAction":[{"@type":"SearchAction","target":{"@type":"EntryPoint","urlTemplate":"https:\/\/valentinacorro.com\/?s={search_term_string}"},"query-input":{"@type":"PropertyValueSpecification","valueRequired":true,"valueName":"search_term_string"}}],"inLanguage":"en-US"}]}},"_links":{"self":[{"href":"https:\/\/valentinacorro.com\/us\/wp-json\/wp\/v2\/pages\/30122","targetHints":{"allow":["GET"]}}],"collection":[{"href":"https:\/\/valentinacorro.com\/us\/wp-json\/wp\/v2\/pages"}],"about":[{"href":"https:\/\/valentinacorro.com\/us\/wp-json\/wp\/v2\/types\/page"}],"author":[{"embeddable":true,"href":"https:\/\/valentinacorro.com\/us\/wp-json\/wp\/v2\/users\/1"}],"replies":[{"embeddable":true,"href":"https:\/\/valentinacorro.com\/us\/wp-json\/wp\/v2\/comments?post=30122"}],"version-history":[{"count":9,"href":"https:\/\/valentinacorro.com\/us\/wp-json\/wp\/v2\/pages\/30122\/revisions"}],"predecessor-version":[{"id":30131,"href":"https:\/\/valentinacorro.com\/us\/wp-json\/wp\/v2\/pages\/30122\/revisions\/30131"}],"wp:attachment":[{"href":"https:\/\/valentinacorro.com\/us\/wp-json\/wp\/v2\/media?parent=30122"}],"curies":[{"name":"wp","href":"https:\/\/api.w.org\/{rel}","templated":true}]}}